{"id":12,"date":"2016-02-10T07:42:17","date_gmt":"2016-02-10T07:42:17","guid":{"rendered":"http:\/\/tierarzt-paungarttner.at\/?page_id=12"},"modified":"2016-05-26T06:25:31","modified_gmt":"2016-05-26T06:25:31","slug":"herzlich-willkommen","status":"publish","type":"page","link":"https:\/\/tierarzt-paungarttner.at\/wordpress\/","title":{"rendered":"Herzlich Willkommen"},"content":{"rendered":"<div>\nWir m\u00f6chten Ihnen hier die M\u00f6glichkeit bieten, einen <b>ersten Eindruck von unserer Praxis<\/b> zu gewinnen und sich \u00fcber unser <b>umfassendes Leistungsspektrum zu informieren<\/b>. Sollten Sie Fragen haben, k\u00f6nnen Sie uns gerne <b>anrufen<\/b>, eine<b> <\/b><a title=\"\" href=\"mailto:wolfgang.paungarttner@gmail.com\" target=\"_blank\">E-Mail schreiben<\/a> oder uns w\u00e4hrend der <b>Ordinationszeiten in der Praxis besuchen<\/b>.<\/p>\n<p><b>Liegt ein dringender Notfall vor, k\u00f6nnen Sie uns unter folgender Praxisnummer erreichen: 07473 \/ 86 13<\/b>\n<\/div>\n","protected":false},"excerpt":{"rendered":"<p>Wir m\u00f6chten Ihnen hier die M\u00f6glichkeit bieten, einen ersten Eindruck von unserer Praxis zu gewinnen und sich \u00fcber unser umfassendes Leistungsspektrum zu informieren. Sollten Sie Fragen haben, k\u00f6nnen Sie uns gerne anrufen, eine E-Mail schreiben oder uns w\u00e4hrend der Ordinationszeiten in der Praxis besuchen. Liegt ein dringender Notfall vor, k\u00f6nnen Sie uns unter folgender Praxisnummer<\/p>\n<a class=\"btn_a\" href=\"https:\/\/tierarzt-paungarttner.at\/wordpress\/\"><span><i class=\"in_left fa fa-angle-right\"><\/i><span>Details<\/span><i class=\"in_right fa fa-angle-right\"><\/i><\/span><\/a>","protected":false},"author":2,"featured_media":0,"parent":0,"menu_order":0,"comment_status":"closed","ping_status":"closed","template":"home-page.php","meta":{"footnotes":""},"_links":{"self":[{"href":"https:\/\/tierarzt-paungarttner.at\/wordpress\/wp-json\/wp\/v2\/pages\/12"}],"collection":[{"href":"https:\/\/tierarzt-paungarttner.at\/wordpress\/wp-json\/wp\/v2\/pages"}],"about":[{"href":"https:\/\/tierarzt-paungarttner.at\/wordpress\/wp-json\/wp\/v2\/types\/page"}],"author":[{"embeddable":true,"href":"https:\/\/tierarzt-paungarttner.at\/wordpress\/wp-json\/wp\/v2\/users\/2"}],"replies":[{"embeddable":true,"href":"https:\/\/tierarzt-paungarttner.at\/wordpress\/wp-json\/wp\/v2\/comments?post=12"}],"version-history":[{"count":3,"href":"https:\/\/tierarzt-paungarttner.at\/wordpress\/wp-json\/wp\/v2\/pages\/12\/revisions"}],"predecessor-version":[{"id":173,"href":"https:\/\/tierarzt-paungarttner.at\/wordpress\/wp-json\/wp\/v2\/pages\/12\/revisions\/173"}],"wp:attachment":[{"href":"https:\/\/tierarzt-paungarttner.at\/wordpress\/wp-json\/wp\/v2\/media?parent=12"}],"curies":[{"name":"wp","href":"https:\/\/api.w.org\/{rel}","templated":true}]}}